{"id":107,"date":"2021-03-16T17:45:41","date_gmt":"2021-03-16T17:45:41","guid":{"rendered":"https:\/\/wilhelm-reichert-park.de\/?page_id=107"},"modified":"2022-03-23T17:41:29","modified_gmt":"2022-03-23T17:41:29","slug":"vermietung","status":"publish","type":"page","link":"https:\/\/wilhelm-reichert-park.de\/?page_id=107","title":{"rendered":"1Vermietung"},"content":{"rendered":"\t\t<div data-elementor-type=\"wp-page\" data-elementor-id=\"107\" class=\"elementor elementor-107\">\n\t\t\t\t\t\t<section class=\"elementor-section elementor-top-section elementor-element elementor-element-3db797e elementor-section-boxed elementor-section-height-default elementor-section-height-default\" data-id=\"3db797e\" data-element_type=\"section\" data-e-type=\"section\" data-settings=\"{&quot;background_background&quot;:&quot;classic&quot;}\">\n\t\t\t\t\t\t<div class=\"elementor-container elementor-column-gap-default\">\n\t\t\t\t\t<div class=\"elementor-column elementor-col-50 elementor-top-column elementor-element elementor-element-2ca2a24\" data-id=\"2ca2a24\" data-element_type=\"column\" data-e-type=\"column\">\n\t\t\t<div class=\"elementor-widget-wrap elementor-element-populated\">\n\t\t\t\t\t\t<div class=\"elementor-element elementor-element-7774e79 elementor-widget elementor-widget-heading\" data-id=\"7774e79\" data-element_type=\"widget\" data-e-type=\"widget\" data-widget_type=\"heading.default\">\n\t\t\t\t<div class=\"elementor-widget-container\">\n\t\t\t\t\t<h5 class=\"elementor-heading-title elementor-size-default\">Vermietung<\/h5>\t\t\t\t<\/div>\n\t\t\t\t<\/div>\n\t\t\t\t\t<\/div>\n\t\t<\/div>\n\t\t\t\t<div class=\"elementor-column elementor-col-50 elementor-top-column elementor-element elementor-element-c1c7975\" data-id=\"c1c7975\" data-element_type=\"column\" data-e-type=\"column\">\n\t\t\t<div class=\"elementor-widget-wrap\">\n\t\t\t\t\t\t\t<\/div>\n\t\t<\/div>\n\t\t\t\t\t<\/div>\n\t\t<\/section>\n\t\t\t\t<section class=\"elementor-section elementor-top-section elementor-element elementor-element-83d8ea8 elementor-hidden-tablet elementor-hidden-mobile elementor-section-boxed elementor-section-height-default elementor-section-height-default\" data-id=\"83d8ea8\" data-element_type=\"section\" data-e-type=\"section\" data-settings=\"{&quot;background_background&quot;:&quot;gradient&quot;}\">\n\t\t\t\t\t\t<div class=\"elementor-container elementor-column-gap-default\">\n\t\t\t\t\t<div class=\"elementor-column elementor-col-50 elementor-top-column elementor-element elementor-element-9102ff1 elementor-hidden-mobile\" data-id=\"9102ff1\" data-element_type=\"column\" data-e-type=\"column\" data-settings=\"{&quot;background_background&quot;:&quot;gradient&quot;}\">\n\t\t\t<div class=\"elementor-widget-wrap elementor-element-populated\">\n\t\t\t\t\t\t<div class=\"elementor-element elementor-element-c9bfc5e elementor-widget elementor-widget-spacer\" data-id=\"c9bfc5e\" data-element_type=\"widget\" data-e-type=\"widget\" data-widget_type=\"spacer.default\">\n\t\t\t\t<div class=\"elementor-widget-container\">\n\t\t\t\t\t\t\t<div class=\"elementor-spacer\">\n\t\t\t<div class=\"elementor-spacer-inner\"><\/div>\n\t\t<\/div>\n\t\t\t\t\t\t<\/div>\n\t\t\t\t<\/div>\n\t\t\t\t\t<\/div>\n\t\t<\/div>\n\t\t\t\t<div class=\"elementor-column elementor-col-50 elementor-top-column elementor-element elementor-element-a30b0de\" data-id=\"a30b0de\" data-element_type=\"column\" data-e-type=\"column\" data-settings=\"{&quot;background_background&quot;:&quot;gradient&quot;}\">\n\t\t\t<div class=\"elementor-widget-wrap\">\n\t\t\t\t\t\t\t<\/div>\n\t\t<\/div>\n\t\t\t\t\t<\/div>\n\t\t<\/section>\n\t\t\t\t<section class=\"elementor-section elementor-top-section elementor-element elementor-element-308f003 elementor-hidden-mobile elementor-hidden-tablet elementor-section-boxed elementor-section-height-default elementor-section-height-default\" data-id=\"308f003\" data-element_type=\"section\" data-e-type=\"section\" data-settings=\"{&quot;background_background&quot;:&quot;gradient&quot;}\">\n\t\t\t\t\t\t<div class=\"elementor-container elementor-column-gap-default\">\n\t\t\t\t\t<div class=\"elementor-column elementor-col-50 elementor-top-column elementor-element elementor-element-cdcea58\" data-id=\"cdcea58\" data-element_type=\"column\" data-e-type=\"column\" data-settings=\"{&quot;background_background&quot;:&quot;classic&quot;}\">\n\t\t\t<div class=\"elementor-widget-wrap elementor-element-populated\">\n\t\t\t\t\t\t<div class=\"elementor-element elementor-element-7766a11 elementor-widget__width-initial elementor-widget elementor-widget-text-editor\" data-id=\"7766a11\" data-element_type=\"widget\" data-e-type=\"widget\" data-widget_type=\"text-editor.default\">\n\t\t\t\t<div class=\"elementor-widget-container\">\n\t\t\t\t\t\t\t\t\t<p style=\"color: #7a7a7a; font-size: 14px; letter-spacing: normal;\"><span style=\"color: #4a4848; font-size: 16px; white-space: pre-wrap;\">Sie m\u00f6chten eine Wohnung oder Gewerbefl\u00e4che mieten? Bitte wenden Sie sich an:<\/span><br style=\"color: #4a4848; font-size: 16px; white-space: pre-wrap;\" \/><br style=\"color: #4a4848; font-size: 16px; white-space: pre-wrap;\" \/><br style=\"color: #4a4848; font-size: 16px; white-space: pre-wrap;\" \/><\/p><p style=\"font-size: 14px; letter-spacing: normal; color: #4a4848;\">Kontakt<\/p><p style=\"font-size: 14px; letter-spacing: normal; color: #4a4848;\"><strong>DiMA Domizile GbR<\/strong><br \/>Sigrid Dickman<\/p><p style=\"font-size: 14px; letter-spacing: normal; color: #4a4848;\"><strong>Mobil<\/strong>: +49 1573 959 2030<br \/><strong>E-Mail<\/strong>:\u00a0<a style=\"color: #039be5;\" href=\"mailto:%20info@dima-domizile.de\">info@dima-domizile.de<\/a>\u00a0<br \/><strong>Web:<\/strong> <a href=\"http:\/\/www.dima-domizile.de\">www.dima-domizile.de<\/a><\/p>\t\t\t\t\t\t\t\t<\/div>\n\t\t\t\t<\/div>\n\t\t\t\t\t<\/div>\n\t\t<\/div>\n\t\t\t\t<div class=\"elementor-column elementor-col-50 elementor-top-column elementor-element elementor-element-6d1199a elementor-hidden-mobile\" data-id=\"6d1199a\" data-element_type=\"column\" data-e-type=\"column\" data-settings=\"{&quot;background_background&quot;:&quot;classic&quot;}\">\n\t\t\t<div class=\"elementor-widget-wrap elementor-element-populated\">\n\t\t\t\t\t\t<div class=\"elementor-element elementor-element-087c399 elementor-widget elementor-widget-image\" data-id=\"087c399\" data-element_type=\"widget\" data-e-type=\"widget\" data-widget_type=\"image.default\">\n\t\t\t\t<div class=\"elementor-widget-container\">\n\t\t\t\t\t\t\t\t\t\t\t\t\t\t\t<img decoding=\"async\" width=\"220\" height=\"109\" src=\"https:\/\/wilhelm-reichert-park.de\/wp-content\/uploads\/2021\/12\/logo.png\" class=\"attachment-large size-large wp-image-1128\" alt=\"\" \/>\t\t\t\t\t\t\t\t\t\t\t\t\t\t\t<\/div>\n\t\t\t\t<\/div>\n\t\t\t\t\t<\/div>\n\t\t<\/div>\n\t\t\t\t\t<\/div>\n\t\t<\/section>\n\t\t\t\t<section class=\"elementor-section elementor-top-section elementor-element elementor-element-c48af76 elementor-hidden-desktop elementor-section-boxed elementor-section-height-default elementor-section-height-default\" data-id=\"c48af76\" data-element_type=\"section\" data-e-type=\"section\">\n\t\t\t\t\t\t<div class=\"elementor-container elementor-column-gap-default\">\n\t\t\t\t\t<div class=\"elementor-column elementor-col-100 elementor-top-column elementor-element elementor-element-5d3a43b\" data-id=\"5d3a43b\" data-element_type=\"column\" data-e-type=\"column\" data-settings=\"{&quot;background_background&quot;:&quot;classic&quot;}\">\n\t\t\t<div class=\"elementor-widget-wrap elementor-element-populated\">\n\t\t\t\t\t\t<div class=\"elementor-element elementor-element-21565a3 elementor-widget elementor-widget-text-editor\" data-id=\"21565a3\" data-element_type=\"widget\" data-e-type=\"widget\" data-widget_type=\"text-editor.default\">\n\t\t\t\t<div class=\"elementor-widget-container\">\n\t\t\t\t\t\t\t\t\t<p style=\"color: #7a7a7a; font-size: 14px; letter-spacing: normal;\"><span style=\"color: #4a4848; font-size: 16px; white-space: pre-wrap;\">Sie m\u00f6chten eine Wohnung oder Gewerbefl\u00e4che mieten? Bitte wenden Sie sich an:<\/span><\/p><p style=\"color: #7a7a7a; font-size: 14px; letter-spacing: normal;\">Kontakt<\/p><p style=\"font-size: 14px; letter-spacing: normal; color: #4a4848;\"><strong>DiMA Domizile GbR<\/strong><br \/>Sigrid Dickman<\/p><p style=\"font-size: 14px; letter-spacing: normal; color: #4a4848;\"><strong>Mobil<\/strong>: +49 1573 959 2030<br \/><strong>E-Mail<\/strong>:\u00a0<a style=\"color: #039be5;\" href=\"mailto:%20info@dima-domizile.de\">info@dima-domizile.de<\/a>\u00a0<br \/><strong>Web:<\/strong> <a href=\"http:\/\/www.dima-domizile.de\">www.dima-domizile.de<\/a><\/p>\t\t\t\t\t\t\t\t<\/div>\n\t\t\t\t<\/div>\n\t\t\t\t\t<\/div>\n\t\t<\/div>\n\t\t\t\t\t<\/div>\n\t\t<\/section>\n\t\t\t\t<section class=\"elementor-section elementor-top-section elementor-element elementor-element-9bc5d25 elementor-hidden-desktop elementor-section-boxed elementor-section-height-default elementor-section-height-default\" data-id=\"9bc5d25\" data-element_type=\"section\" data-e-type=\"section\">\n\t\t\t\t\t\t<div class=\"elementor-container elementor-column-gap-default\">\n\t\t\t\t\t<div class=\"elementor-column elementor-col-100 elementor-top-column elementor-element elementor-element-60128fd\" data-id=\"60128fd\" data-element_type=\"column\" data-e-type=\"column\">\n\t\t\t<div class=\"elementor-widget-wrap elementor-element-populated\">\n\t\t\t\t\t\t<div class=\"elementor-element elementor-element-516440f elementor-widget elementor-widget-image\" data-id=\"516440f\" data-element_type=\"widget\" data-e-type=\"widget\" data-widget_type=\"image.default\">\n\t\t\t\t<div class=\"elementor-widget-container\">\n\t\t\t\t\t\t\t\t\t\t\t\t\t\t\t<img decoding=\"async\" width=\"220\" height=\"109\" src=\"https:\/\/wilhelm-reichert-park.de\/wp-content\/uploads\/2021\/12\/logo.png\" class=\"attachment-large size-large wp-image-1128\" alt=\"\" \/>\t\t\t\t\t\t\t\t\t\t\t\t\t\t\t<\/div>\n\t\t\t\t<\/div>\n\t\t\t\t\t<\/div>\n\t\t<\/div>\n\t\t\t\t\t<\/div>\n\t\t<\/section>\n\t\t\t\t<section class=\"elementor-section elementor-top-section elementor-element elementor-element-573b56a elementor-hidden-tablet elementor-hidden-mobile elementor-section-boxed elementor-section-height-default elementor-section-height-default\" data-id=\"573b56a\" data-element_type=\"section\" data-e-type=\"section\" data-settings=\"{&quot;background_background&quot;:&quot;gradient&quot;}\">\n\t\t\t\t\t\t<div class=\"elementor-container elementor-column-gap-default\">\n\t\t\t\t\t<div class=\"elementor-column elementor-col-50 elementor-top-column elementor-element elementor-element-28bcc71 elementor-hidden-mobile\" data-id=\"28bcc71\" data-element_type=\"column\" data-e-type=\"column\" data-settings=\"{&quot;background_background&quot;:&quot;gradient&quot;}\">\n\t\t\t<div class=\"elementor-widget-wrap elementor-element-populated\">\n\t\t\t\t\t\t<div class=\"elementor-element elementor-element-2325f0d elementor-widget elementor-widget-spacer\" data-id=\"2325f0d\" data-element_type=\"widget\" data-e-type=\"widget\" data-widget_type=\"spacer.default\">\n\t\t\t\t<div class=\"elementor-widget-container\">\n\t\t\t\t\t\t\t<div class=\"elementor-spacer\">\n\t\t\t<div class=\"elementor-spacer-inner\"><\/div>\n\t\t<\/div>\n\t\t\t\t\t\t<\/div>\n\t\t\t\t<\/div>\n\t\t\t\t\t<\/div>\n\t\t<\/div>\n\t\t\t\t<div class=\"elementor-column elementor-col-50 elementor-top-column elementor-element elementor-element-8519319\" data-id=\"8519319\" data-element_type=\"column\" data-e-type=\"column\" data-settings=\"{&quot;background_background&quot;:&quot;gradient&quot;}\">\n\t\t\t<div class=\"elementor-widget-wrap\">\n\t\t\t\t\t\t\t<\/div>\n\t\t<\/div>\n\t\t\t\t\t<\/div>\n\t\t<\/section>\n\t\t\t\t<section class=\"elementor-section elementor-top-section elementor-element elementor-element-0f01a33 elementor-hidden-mobile elementor-hidden-tablet elementor-hidden-desktop elementor-section-boxed elementor-section-height-default elementor-section-height-default\" data-id=\"0f01a33\" data-element_type=\"section\" data-e-type=\"section\" data-settings=\"{&quot;background_background&quot;:&quot;gradient&quot;}\">\n\t\t\t\t\t\t<div class=\"elementor-container elementor-column-gap-default\">\n\t\t\t\t\t<div class=\"elementor-column elementor-col-50 elementor-top-column elementor-element elementor-element-1fa76c5\" data-id=\"1fa76c5\" data-element_type=\"column\" data-e-type=\"column\" data-settings=\"{&quot;background_background&quot;:&quot;classic&quot;}\">\n\t\t\t<div class=\"elementor-widget-wrap elementor-element-populated\">\n\t\t\t\t\t\t<div class=\"elementor-element elementor-element-b2b9f12 elementor-widget__width-initial elementor-widget elementor-widget-text-editor\" data-id=\"b2b9f12\" data-element_type=\"widget\" data-e-type=\"widget\" id=\"anker1\" data-widget_type=\"text-editor.default\">\n\t\t\t\t<div class=\"elementor-widget-container\">\n\t\t\t\t\t\t\t\t\t<p style=\"color: #7a7a7a; font-size: 14px; letter-spacing: normal;\"><span style=\"color: #4a4848; font-size: 16px; white-space: pre-wrap;\">Sie m\u00f6chten eine \u00f6ffentlich gef\u00f6rderte Wohnung im Wilhelm-Reichert-Park anmieten? Die Stadt Idstein f\u00f6rdert und vermittelt sieben Wohnungen der Anlage im Rahmen ihres Programms <\/span><span style=\"color: #4a4848; font-size: 16px; white-space: pre-wrap;\">f\u00fcr belegungsgebundenen Wohnraum. F\u00fcr weitere Informationen wenden Sie sich an die Stelle f\u00fcr Wohnungsangelegenheiten im Ordnungsamt der Stadt <a href=\"https:\/\/www.idstein.de\/buergerservice\/abteilungen\/HES:department:9025\/wohnungsangelegenheiten\/\" target=\"_blank\" rel=\"noopener\">Idstein<\/a>. <\/span><br style=\"color: #4a4848; font-size: 16px; white-space: pre-wrap;\" \/><br style=\"color: #4a4848; font-size: 16px; white-space: pre-wrap;\" \/><\/p><p style=\"font-size: 14px; letter-spacing: normal; color: #4a4848;\">Kontakt<\/p><p style=\"font-size: 14px; letter-spacing: normal; color: #4a4848;\"><strong>Magistrat der Hochschulstadt Idstein<br \/>K\u00f6nig-Adolf-Platz 2<br \/>65510 Idstein<br \/><\/strong><\/p><p><strong>E-Mail<\/strong>:\u00a0<a style=\"color: #039be5;\" href=\"https:\/\/www.idstein.de\/kontakt\/\" target=\"_blank\" rel=\"noopener\">info@idstein.de<\/a><br \/><strong>Web:<\/strong> <a href=\"https:\/\/www.idstein.de\" target=\"_blank\" rel=\"noopener\">www.idstein.de<\/a><\/p>\t\t\t\t\t\t\t\t<\/div>\n\t\t\t\t<\/div>\n\t\t\t\t\t<\/div>\n\t\t<\/div>\n\t\t\t\t<div class=\"elementor-column elementor-col-50 elementor-top-column elementor-element elementor-element-c236f61 elementor-hidden-mobile\" data-id=\"c236f61\" data-element_type=\"column\" data-e-type=\"column\" data-settings=\"{&quot;background_background&quot;:&quot;classic&quot;}\">\n\t\t\t<div class=\"elementor-widget-wrap elementor-element-populated\">\n\t\t\t\t\t\t<div class=\"elementor-element elementor-element-82789b2 elementor-widget elementor-widget-image\" data-id=\"82789b2\" data-element_type=\"widget\" data-e-type=\"widget\" data-widget_type=\"image.default\">\n\t\t\t\t<div class=\"elementor-widget-container\">\n\t\t\t\t\t\t\t\t\t\t\t\t\t\t\t\t<a href=\"https:\/\/www.idstein.de\">\n\t\t\t\t\t\t\t<img decoding=\"async\" src=\"https:\/\/wilhelm-reichert-park.de\/wp-content\/uploads\/elementor\/thumbs\/Idstein-pki3sj8in82v0la6r71aebhj42f2uko405iy7uhivs.jpg\" title=\"Idstein\" alt=\"Idstein\" loading=\"lazy\" \/>\t\t\t\t\t\t\t\t<\/a>\n\t\t\t\t\t\t\t\t\t\t\t\t\t\t\t<\/div>\n\t\t\t\t<\/div>\n\t\t\t\t\t<\/div>\n\t\t<\/div>\n\t\t\t\t\t<\/div>\n\t\t<\/section>\n\t\t\t\t<section class=\"elementor-section elementor-top-section elementor-element elementor-element-1e9881a elementor-section-boxed elementor-section-height-default elementor-section-height-default\" data-id=\"1e9881a\" data-element_type=\"section\" data-e-type=\"section\">\n\t\t\t\t\t\t<div class=\"elementor-container elementor-column-gap-default\">\n\t\t\t\t\t<div class=\"elementor-column elementor-col-100 elementor-top-column elementor-element elementor-element-660f4b9\" data-id=\"660f4b9\" data-element_type=\"column\" data-e-type=\"column\">\n\t\t\t<div class=\"elementor-widget-wrap elementor-element-populated\">\n\t\t\t\t\t\t<div class=\"elementor-element elementor-element-1e0825d elementor-widget elementor-widget-menu-anchor\" data-id=\"1e0825d\" data-element_type=\"widget\" data-e-type=\"widget\" data-widget_type=\"menu-anchor.default\">\n\t\t\t\t<div class=\"elementor-widget-container\">\n\t\t\t\t\t\t\t<div class=\"elementor-menu-anchor\" id=\"Idstein\"><\/div>\n\t\t\t\t\t\t<\/div>\n\t\t\t\t<\/div>\n\t\t\t\t\t<\/div>\n\t\t<\/div>\n\t\t\t\t\t<\/div>\n\t\t<\/section>\n\t\t\t\t<\/div>\n\t\t","protected":false},"excerpt":{"rendered":"<p>Vermietung Sie m\u00f6chten eine Wohnung oder Gewerbefl\u00e4che mieten? Bitte wenden Sie sich an: Kontakt DiMA Domizile GbRSigrid Dickman Mobil: +49 1573 959 2030E-Mail:\u00a0info@dima-domizile.de\u00a0Web: www.dima-domizile.de Sie m\u00f6chten eine Wohnung oder Gewerbefl\u00e4che mieten? Bitte wenden Sie sich an: Kontakt DiMA Domizile GbRSigrid Dickman Mobil: +49 1573 959 2030E-Mail:\u00a0info@dima-domizile.de\u00a0Web: www.dima-domizile.de Sie m\u00f6chten eine \u00f6ffentlich gef\u00f6rderte Wohnung im Wilhelm-Reichert-Park [&hellip;]<\/p>\n","protected":false},"author":1,"featured_media":0,"parent":0,"menu_order":0,"comment_status":"closed","ping_status":"closed","template":"","meta":{"footnotes":""},"class_list":["post-107","page","type-page","status-publish","hentry"],"yoast_head":"<!-- This site is optimized with the Yoast SEO plugin v27.4 - https:\/\/yoast.com\/product\/yoast-seo-wordpress\/ -->\n<title>1Vermietung - Wilhelm-Reichert-Park<\/title>\n<meta name=\"robots\" content=\"index, follow, max-snippet:-1, max-image-preview:large, max-video-preview:-1\" \/>\n<link rel=\"canonical\" href=\"https:\/\/wilhelm-reichert-park.de\/?page_id=107\" \/>\n<meta property=\"og:locale\" content=\"de_DE\" \/>\n<meta property=\"og:type\" content=\"article\" \/>\n<meta property=\"og:title\" content=\"1Vermietung - Wilhelm-Reichert-Park\" \/>\n<meta property=\"og:description\" content=\"Vermietung Sie m\u00f6chten eine Wohnung oder Gewerbefl\u00e4che mieten? Bitte wenden Sie sich an: Kontakt DiMA Domizile GbRSigrid Dickman Mobil: +49 1573 959 2030E-Mail:\u00a0info@dima-domizile.de\u00a0Web: www.dima-domizile.de Sie m\u00f6chten eine Wohnung oder Gewerbefl\u00e4che mieten? Bitte wenden Sie sich an: Kontakt DiMA Domizile GbRSigrid Dickman Mobil: +49 1573 959 2030E-Mail:\u00a0info@dima-domizile.de\u00a0Web: www.dima-domizile.de Sie m\u00f6chten eine \u00f6ffentlich gef\u00f6rderte Wohnung im Wilhelm-Reichert-Park [&hellip;]\" \/>\n<meta property=\"og:url\" content=\"https:\/\/wilhelm-reichert-park.de\/?page_id=107\" \/>\n<meta property=\"og:site_name\" content=\"Wilhelm-Reichert-Park\" \/>\n<meta property=\"article:modified_time\" content=\"2022-03-23T17:41:29+00:00\" \/>\n<meta property=\"og:image\" content=\"https:\/\/wilhelm-reichert-park.de\/wp-content\/uploads\/2021\/12\/logo.png\" \/>\n<meta name=\"twitter:card\" content=\"summary_large_image\" \/>\n<meta name=\"twitter:label1\" content=\"Gesch\u00e4tzte Lesezeit\" \/>\n\t<meta name=\"twitter:data1\" content=\"1\u00a0Minute\" \/>\n<script type=\"application\/ld+json\" class=\"yoast-schema-graph\">{\"@context\":\"https:\\\/\\\/schema.org\",\"@graph\":[{\"@type\":\"WebPage\",\"@id\":\"https:\\\/\\\/wilhelm-reichert-park.de\\\/?page_id=107\",\"url\":\"https:\\\/\\\/wilhelm-reichert-park.de\\\/?page_id=107\",\"name\":\"1Vermietung - Wilhelm-Reichert-Park\",\"isPartOf\":{\"@id\":\"https:\\\/\\\/wilhelm-reichert-park.de\\\/#website\"},\"primaryImageOfPage\":{\"@id\":\"https:\\\/\\\/wilhelm-reichert-park.de\\\/?page_id=107#primaryimage\"},\"image\":{\"@id\":\"https:\\\/\\\/wilhelm-reichert-park.de\\\/?page_id=107#primaryimage\"},\"thumbnailUrl\":\"https:\\\/\\\/wilhelm-reichert-park.de\\\/wp-content\\\/uploads\\\/2021\\\/12\\\/logo.png\",\"datePublished\":\"2021-03-16T17:45:41+00:00\",\"dateModified\":\"2022-03-23T17:41:29+00:00\",\"breadcrumb\":{\"@id\":\"https:\\\/\\\/wilhelm-reichert-park.de\\\/?page_id=107#breadcrumb\"},\"inLanguage\":\"de\",\"potentialAction\":[{\"@type\":\"ReadAction\",\"target\":[\"https:\\\/\\\/wilhelm-reichert-park.de\\\/?page_id=107\"]}]},{\"@type\":\"ImageObject\",\"inLanguage\":\"de\",\"@id\":\"https:\\\/\\\/wilhelm-reichert-park.de\\\/?page_id=107#primaryimage\",\"url\":\"https:\\\/\\\/wilhelm-reichert-park.de\\\/wp-content\\\/uploads\\\/2021\\\/12\\\/logo.png\",\"contentUrl\":\"https:\\\/\\\/wilhelm-reichert-park.de\\\/wp-content\\\/uploads\\\/2021\\\/12\\\/logo.png\",\"width\":220,\"height\":109},{\"@type\":\"BreadcrumbList\",\"@id\":\"https:\\\/\\\/wilhelm-reichert-park.de\\\/?page_id=107#breadcrumb\",\"itemListElement\":[{\"@type\":\"ListItem\",\"position\":1,\"name\":\"Startseite\",\"item\":\"https:\\\/\\\/wilhelm-reichert-park.de\\\/\"},{\"@type\":\"ListItem\",\"position\":2,\"name\":\"1Vermietung\"}]},{\"@type\":\"WebSite\",\"@id\":\"https:\\\/\\\/wilhelm-reichert-park.de\\\/#website\",\"url\":\"https:\\\/\\\/wilhelm-reichert-park.de\\\/\",\"name\":\"Wilhelm-Reichert-Park\",\"description\":\"Gr\u00fcnes Wohnprojekt in Idstein\",\"publisher\":{\"@id\":\"https:\\\/\\\/wilhelm-reichert-park.de\\\/#organization\"},\"potentialAction\":[{\"@type\":\"SearchAction\",\"target\":{\"@type\":\"EntryPoint\",\"urlTemplate\":\"https:\\\/\\\/wilhelm-reichert-park.de\\\/?s={search_term_string}\"},\"query-input\":{\"@type\":\"PropertyValueSpecification\",\"valueRequired\":true,\"valueName\":\"search_term_string\"}}],\"inLanguage\":\"de\"},{\"@type\":\"Organization\",\"@id\":\"https:\\\/\\\/wilhelm-reichert-park.de\\\/#organization\",\"name\":\"Wilhelm-Reichert-Park\",\"url\":\"https:\\\/\\\/wilhelm-reichert-park.de\\\/\",\"logo\":{\"@type\":\"ImageObject\",\"inLanguage\":\"de\",\"@id\":\"https:\\\/\\\/wilhelm-reichert-park.de\\\/#\\\/schema\\\/logo\\\/image\\\/\",\"url\":\"https:\\\/\\\/wilhelm-reichert-park.de\\\/wp-content\\\/uploads\\\/2021\\\/12\\\/Preview_Gesamtansicht_Nordost_161221-scaled.jpg\",\"contentUrl\":\"https:\\\/\\\/wilhelm-reichert-park.de\\\/wp-content\\\/uploads\\\/2021\\\/12\\\/Preview_Gesamtansicht_Nordost_161221-scaled.jpg\",\"width\":2560,\"height\":1564,\"caption\":\"Wilhelm-Reichert-Park\"},\"image\":{\"@id\":\"https:\\\/\\\/wilhelm-reichert-park.de\\\/#\\\/schema\\\/logo\\\/image\\\/\"}}]}<\/script>\n<!-- \/ Yoast SEO plugin. -->","yoast_head_json":{"title":"1Vermietung - Wilhelm-Reichert-Park","robots":{"index":"index","follow":"follow","max-snippet":"max-snippet:-1","max-image-preview":"max-image-preview:large","max-video-preview":"max-video-preview:-1"},"canonical":"https:\/\/wilhelm-reichert-park.de\/?page_id=107","og_locale":"de_DE","og_type":"article","og_title":"1Vermietung - Wilhelm-Reichert-Park","og_description":"Vermietung Sie m\u00f6chten eine Wohnung oder Gewerbefl\u00e4che mieten? Bitte wenden Sie sich an: Kontakt DiMA Domizile GbRSigrid Dickman Mobil: +49 1573 959 2030E-Mail:\u00a0info@dima-domizile.de\u00a0Web: www.dima-domizile.de Sie m\u00f6chten eine Wohnung oder Gewerbefl\u00e4che mieten? Bitte wenden Sie sich an: Kontakt DiMA Domizile GbRSigrid Dickman Mobil: +49 1573 959 2030E-Mail:\u00a0info@dima-domizile.de\u00a0Web: www.dima-domizile.de Sie m\u00f6chten eine \u00f6ffentlich gef\u00f6rderte Wohnung im Wilhelm-Reichert-Park [&hellip;]","og_url":"https:\/\/wilhelm-reichert-park.de\/?page_id=107","og_site_name":"Wilhelm-Reichert-Park","article_modified_time":"2022-03-23T17:41:29+00:00","og_image":[{"url":"https:\/\/wilhelm-reichert-park.de\/wp-content\/uploads\/2021\/12\/logo.png","type":"","width":"","height":""}],"twitter_card":"summary_large_image","twitter_misc":{"Gesch\u00e4tzte Lesezeit":"1\u00a0Minute"},"schema":{"@context":"https:\/\/schema.org","@graph":[{"@type":"WebPage","@id":"https:\/\/wilhelm-reichert-park.de\/?page_id=107","url":"https:\/\/wilhelm-reichert-park.de\/?page_id=107","name":"1Vermietung - Wilhelm-Reichert-Park","isPartOf":{"@id":"https:\/\/wilhelm-reichert-park.de\/#website"},"primaryImageOfPage":{"@id":"https:\/\/wilhelm-reichert-park.de\/?page_id=107#primaryimage"},"image":{"@id":"https:\/\/wilhelm-reichert-park.de\/?page_id=107#primaryimage"},"thumbnailUrl":"https:\/\/wilhelm-reichert-park.de\/wp-content\/uploads\/2021\/12\/logo.png","datePublished":"2021-03-16T17:45:41+00:00","dateModified":"2022-03-23T17:41:29+00:00","breadcrumb":{"@id":"https:\/\/wilhelm-reichert-park.de\/?page_id=107#breadcrumb"},"inLanguage":"de","potentialAction":[{"@type":"ReadAction","target":["https:\/\/wilhelm-reichert-park.de\/?page_id=107"]}]},{"@type":"ImageObject","inLanguage":"de","@id":"https:\/\/wilhelm-reichert-park.de\/?page_id=107#primaryimage","url":"https:\/\/wilhelm-reichert-park.de\/wp-content\/uploads\/2021\/12\/logo.png","contentUrl":"https:\/\/wilhelm-reichert-park.de\/wp-content\/uploads\/2021\/12\/logo.png","width":220,"height":109},{"@type":"BreadcrumbList","@id":"https:\/\/wilhelm-reichert-park.de\/?page_id=107#breadcrumb","itemListElement":[{"@type":"ListItem","position":1,"name":"Startseite","item":"https:\/\/wilhelm-reichert-park.de\/"},{"@type":"ListItem","position":2,"name":"1Vermietung"}]},{"@type":"WebSite","@id":"https:\/\/wilhelm-reichert-park.de\/#website","url":"https:\/\/wilhelm-reichert-park.de\/","name":"Wilhelm-Reichert-Park","description":"Gr\u00fcnes Wohnprojekt in Idstein","publisher":{"@id":"https:\/\/wilhelm-reichert-park.de\/#organization"},"potentialAction":[{"@type":"SearchAction","target":{"@type":"EntryPoint","urlTemplate":"https:\/\/wilhelm-reichert-park.de\/?s={search_term_string}"},"query-input":{"@type":"PropertyValueSpecification","valueRequired":true,"valueName":"search_term_string"}}],"inLanguage":"de"},{"@type":"Organization","@id":"https:\/\/wilhelm-reichert-park.de\/#organization","name":"Wilhelm-Reichert-Park","url":"https:\/\/wilhelm-reichert-park.de\/","logo":{"@type":"ImageObject","inLanguage":"de","@id":"https:\/\/wilhelm-reichert-park.de\/#\/schema\/logo\/image\/","url":"https:\/\/wilhelm-reichert-park.de\/wp-content\/uploads\/2021\/12\/Preview_Gesamtansicht_Nordost_161221-scaled.jpg","contentUrl":"https:\/\/wilhelm-reichert-park.de\/wp-content\/uploads\/2021\/12\/Preview_Gesamtansicht_Nordost_161221-scaled.jpg","width":2560,"height":1564,"caption":"Wilhelm-Reichert-Park"},"image":{"@id":"https:\/\/wilhelm-reichert-park.de\/#\/schema\/logo\/image\/"}}]}},"_links":{"self":[{"href":"https:\/\/wilhelm-reichert-park.de\/index.php?rest_route=\/wp\/v2\/pages\/107","targetHints":{"allow":["GET"]}}],"collection":[{"href":"https:\/\/wilhelm-reichert-park.de\/index.php?rest_route=\/wp\/v2\/pages"}],"about":[{"href":"https:\/\/wilhelm-reichert-park.de\/index.php?rest_route=\/wp\/v2\/types\/page"}],"author":[{"embeddable":true,"href":"https:\/\/wilhelm-reichert-park.de\/index.php?rest_route=\/wp\/v2\/users\/1"}],"replies":[{"embeddable":true,"href":"https:\/\/wilhelm-reichert-park.de\/index.php?rest_route=%2Fwp%2Fv2%2Fcomments&post=107"}],"version-history":[{"count":192,"href":"https:\/\/wilhelm-reichert-park.de\/index.php?rest_route=\/wp\/v2\/pages\/107\/revisions"}],"predecessor-version":[{"id":4746,"href":"https:\/\/wilhelm-reichert-park.de\/index.php?rest_route=\/wp\/v2\/pages\/107\/revisions\/4746"}],"wp:attachment":[{"href":"https:\/\/wilhelm-reichert-park.de\/index.php?rest_route=%2Fwp%2Fv2%2Fmedia&parent=107"}],"curies":[{"name":"wp","href":"https:\/\/api.w.org\/{rel}","templated":true}]}}